{"id":890,"date":"2020-01-08T17:35:39","date_gmt":"2020-01-08T16:35:39","guid":{"rendered":"http:\/\/fgb.devsrvr.net\/?post_type=product&#038;p=890"},"modified":"2021-01-29T17:20:41","modified_gmt":"2021-01-29T16:20:41","slug":"bordeaux-600","status":"publish","type":"product","link":"https:\/\/www.fgbindustry.com\/fr\/prodotto\/borgogna-600\/","title":{"rendered":"CONTENEUR"},"content":{"rendered":"<p>Le conteneur Burgundy 600 est le conteneur standard, renforc\u00e9 et polyvalent pour le stockage statique au sol des bouteilles de Bourgogne. Fabriqu\u00e9 en fil d'acier galvanis\u00e9, il dispose d'un fond et de parois renforc\u00e9s, d'une porte frontale ouvrante pour faciliter le chargement et le d\u00e9chargement des bouteilles, et de poign\u00e9es de s\u00e9curit\u00e9 autobloquantes.  Pliable et empilable, il optimise l'espace \u00e0 l'int\u00e9rieur des caves.<\/p>","protected":false},"excerpt":{"rendered":"<p>Le conteneur Burgundy 600 est le conteneur standard, renforc\u00e9 et polyvalent pour le stockage statique au sol des bouteilles de Bourgogne. Fabriqu\u00e9 en fil d'acier galvanis\u00e9, il poss\u00e8de une base et des parois renforc\u00e9es, une porte frontale qui s'ouvre pour faciliter le chargement et le d\u00e9chargement des bouteilles et des poign\u00e9es de s\u00e9curit\u00e9 autobloquantes.  Pliable et empilable, il permet...<\/p>","protected":false},"featured_media":901,"template":"","meta":{"_acf_changed":false},"product_brand":[],"product_cat":[41],"product_tag":[],"class_list":{"0":"post-890","1":"product","2":"type-product","3":"status-publish","4":"has-post-thumbnail","6":"product_cat-contenitori-per-bottiglie-di-vino","8":"first","9":"instock","10":"shipping-taxable","11":"product-type-simple"},"acf":[],"_links":{"self":[{"href":"https:\/\/www.fgbindustry.com\/fr\/wp-json\/wp\/v2\/product\/890","targetHints":{"allow":["GET"]}}],"collection":[{"href":"https:\/\/www.fgbindustry.com\/fr\/wp-json\/wp\/v2\/product"}],"about":[{"href":"https:\/\/www.fgbindustry.com\/fr\/wp-json\/wp\/v2\/types\/product"}],"wp:featuredmedia":[{"embeddable":true,"href":"https:\/\/www.fgbindustry.com\/fr\/wp-json\/wp\/v2\/media\/901"}],"wp:attachment":[{"href":"https:\/\/www.fgbindustry.com\/fr\/wp-json\/wp\/v2\/media?parent=890"}],"wp:term":[{"taxonomy":"product_brand","embeddable":true,"href":"https:\/\/www.fgbindustry.com\/fr\/wp-json\/wp\/v2\/product_brand?post=890"},{"taxonomy":"product_cat","embeddable":true,"href":"https:\/\/www.fgbindustry.com\/fr\/wp-json\/wp\/v2\/product_cat?post=890"},{"taxonomy":"product_tag","embeddable":true,"href":"https:\/\/www.fgbindustry.com\/fr\/wp-json\/wp\/v2\/product_tag?post=890"}],"curies":[{"name":"wp","href":"https:\/\/api.w.org\/{rel}","templated":true}]}}