{"id":309,"date":"2019-05-29T18:52:55","date_gmt":"2019-05-29T16:52:55","guid":{"rendered":"http:\/\/fgb.devsrvr.net\/?post_type=product&#038;p=309"},"modified":"2021-02-16T15:09:30","modified_gmt":"2021-02-16T14:09:30","slug":"cloture-modulaire-mobile","status":"publish","type":"product","link":"https:\/\/www.fgbindustry.com\/fr\/prodotto\/recinzione-modulare-mobile\/","title":{"rendered":"CL\u00d4TURE MOBILE DE CHANTIER"},"content":{"rendered":"<p>La cl\u00f4ture mobile est la solution id\u00e9ale pour s\u00e9curiser les chantiers de construction, les zones de travail temporaires, les concerts et les \u00e9v\u00e9nements.<br \/>\nIl se compose d'un treillis \u00e9lectrosoud\u00e9 en fil galvanis\u00e9 de 3,10 mm et d'un cadre form\u00e9 de tubes d'acier verticaux de 40 mm et horizontaux de 30 mm. Le treillis \u00e9lectrosoud\u00e9 est reli\u00e9 au cadre par soudure \u00e0 l'int\u00e9rieur afin d'\u00e9viter les pointes ou les parties tranchantes. La cl\u00f4ture est \u00e9quip\u00e9e d'un crochet soud\u00e9 au sommet du tube pour relier les panneaux entre eux. Pour plus de stabilit\u00e9 et de s\u00e9curit\u00e9, des colliers sp\u00e9ciaux peuvent \u00eatre fournis pour relier plusieurs panneaux entre eux.<br \/>\nLe support au sol est assur\u00e9 par du b\u00e9ton arm\u00e9 ou des blocs de b\u00e9ton recouverts de PVC haute visibilit\u00e9.<\/p>","protected":false},"excerpt":{"rendered":"<p>La Recinzione mobile \u00e8 la soluzione ideale per garantire la messa in sicurezza di cantieri, aree di lavoro temporanee, concerti ed eventi. E&#8217; costituita da una rete elettrosaldata in filo zincato d.3,10 mm e un telaio formato da tubi d\u2019acciaio verticali d.40 mm e orizzontali d.30 mm. L&#8217;unione della rete elettrosaldata al telaio avviene mediante&hellip;<\/p>","protected":false},"featured_media":310,"template":"","meta":{"_acf_changed":false},"product_brand":[],"product_cat":[27,28],"product_tag":[],"class_list":{"0":"post-309","1":"product","2":"type-product","3":"status-publish","4":"has-post-thumbnail","6":"product_cat-reti-da-cantiere","7":"product_cat-servizio-noleggio","9":"first","10":"instock","11":"shipping-taxable","12":"product-type-simple"},"acf":[],"_links":{"self":[{"href":"https:\/\/www.fgbindustry.com\/fr\/wp-json\/wp\/v2\/product\/309","targetHints":{"allow":["GET"]}}],"collection":[{"href":"https:\/\/www.fgbindustry.com\/fr\/wp-json\/wp\/v2\/product"}],"about":[{"href":"https:\/\/www.fgbindustry.com\/fr\/wp-json\/wp\/v2\/types\/product"}],"wp:featuredmedia":[{"embeddable":true,"href":"https:\/\/www.fgbindustry.com\/fr\/wp-json\/wp\/v2\/media\/310"}],"wp:attachment":[{"href":"https:\/\/www.fgbindustry.com\/fr\/wp-json\/wp\/v2\/media?parent=309"}],"wp:term":[{"taxonomy":"product_brand","embeddable":true,"href":"https:\/\/www.fgbindustry.com\/fr\/wp-json\/wp\/v2\/product_brand?post=309"},{"taxonomy":"product_cat","embeddable":true,"href":"https:\/\/www.fgbindustry.com\/fr\/wp-json\/wp\/v2\/product_cat?post=309"},{"taxonomy":"product_tag","embeddable":true,"href":"https:\/\/www.fgbindustry.com\/fr\/wp-json\/wp\/v2\/product_tag?post=309"}],"curies":[{"name":"wp","href":"https:\/\/api.w.org\/{rel}","templated":true}]}}