{"id":300,"date":"2019-05-29T18:47:27","date_gmt":"2019-05-29T16:47:27","guid":{"rendered":"http:\/\/fgb.devsrvr.net\/?post_type=product&#038;p=300"},"modified":"2023-09-13T15:46:31","modified_gmt":"2023-09-13T13:46:31","slug":"barriere-routiere","status":"publish","type":"product","link":"https:\/\/www.fgbindustry.com\/fr\/prodotto\/transenna-stradale\/","title":{"rendered":"BARRI\u00c8RE ROUTI\u00c8RE"},"content":{"rendered":"<p>La barri\u00e8re routi\u00e8re de notre production garantit la qualit\u00e9, la s\u00e9curit\u00e9 et la rapidit\u00e9 d'utilisation dans la d\u00e9limitation des espaces sur les chantiers, les \u00e9v\u00e9nements sportifs, les spectacles et les manifestations de toutes sortes.<br \/>\nIl se compose d'une structure p\u00e9rim\u00e9trique en tube d'acier de 28 mm, d'une structure centrale en barres verticales de 10 mm et de pieds abaiss\u00e9s et renforc\u00e9s, qui garantissent solidit\u00e9 et durabilit\u00e9. L'espacement entre les barreaux garantit une s\u00e9curit\u00e9 maximale, m\u00eame en pr\u00e9sence d'enfants. La barri\u00e8re est \u00e9quip\u00e9e d'un crochet et d'une boucle lat\u00e9rale qui permettent d'assembler plusieurs barri\u00e8res.<\/p>\n<p>Traitements disponibles : galvanisation \u00e9lectrolytique, galvanisation \u00e0 chaud, rev\u00eatement par poudre.<\/p>\n<p>Des bandes r\u00e9fl\u00e9chissantes unilat\u00e9rales ou bilat\u00e9rales sont disponibles sur demande, conform\u00e9ment \u00e0 l'article 32 du code de la route, afin d'accro\u00eetre la visibilit\u00e9 des zones d\u00e9limit\u00e9es.<\/p>","protected":false},"excerpt":{"rendered":"<p>La transenna stradale di nostra produzione garantisce qualit\u00e0, sicurezza e rapidit\u00e0 d&#8217;impiego nella delimitazione degli spazi nei cantieri, in eventi sportivi, spettacoli e manifestazioni di vario genere. E&#8217; formata da una struttura perimetrale in tubo d\u2019acciaio d.28 mm, una struttura centrale in tondini verticali d.10 mm e da piedi ribassati e rinforzati, che assicurano solidit\u00e0&hellip;<\/p>","protected":false},"featured_media":676,"template":"","meta":{"_acf_changed":false},"product_brand":[],"product_cat":[28,26],"product_tag":[],"class_list":{"0":"post-300","1":"product","2":"type-product","3":"status-publish","4":"has-post-thumbnail","6":"product_cat-servizio-noleggio","7":"product_cat-transenne","9":"first","10":"instock","11":"shipping-taxable","12":"product-type-simple"},"acf":[],"_links":{"self":[{"href":"https:\/\/www.fgbindustry.com\/fr\/wp-json\/wp\/v2\/product\/300","targetHints":{"allow":["GET"]}}],"collection":[{"href":"https:\/\/www.fgbindustry.com\/fr\/wp-json\/wp\/v2\/product"}],"about":[{"href":"https:\/\/www.fgbindustry.com\/fr\/wp-json\/wp\/v2\/types\/product"}],"wp:featuredmedia":[{"embeddable":true,"href":"https:\/\/www.fgbindustry.com\/fr\/wp-json\/wp\/v2\/media\/676"}],"wp:attachment":[{"href":"https:\/\/www.fgbindustry.com\/fr\/wp-json\/wp\/v2\/media?parent=300"}],"wp:term":[{"taxonomy":"product_brand","embeddable":true,"href":"https:\/\/www.fgbindustry.com\/fr\/wp-json\/wp\/v2\/product_brand?post=300"},{"taxonomy":"product_cat","embeddable":true,"href":"https:\/\/www.fgbindustry.com\/fr\/wp-json\/wp\/v2\/product_cat?post=300"},{"taxonomy":"product_tag","embeddable":true,"href":"https:\/\/www.fgbindustry.com\/fr\/wp-json\/wp\/v2\/product_tag?post=300"}],"curies":[{"name":"wp","href":"https:\/\/api.w.org\/{rel}","templated":true}]}}