{"id":2,"date":"2018-07-25T10:42:37","date_gmt":"2018-07-25T08:42:37","guid":{"rendered":"http:\/\/bbstart.devsrvr.net\/?page_id=2"},"modified":"2020-07-06T18:55:19","modified_gmt":"2020-07-06T16:55:19","slug":"domicile","status":"publish","type":"page","link":"https:\/\/www.fgbindustry.com\/fr\/","title":{"rendered":"Accueil"},"content":{"rendered":"<h2>Qualit\u00e9 offerte<\/h2><h4>Large gamme de produits et de services<\/h4>\n\t\t\t\t<p>nous vous suivons de l'analyse au produit fini, en passant par la conception, pour vous fournir une large gamme de solutions logistiques et d'\u00e9quipements pour la manutention, le stockage et la vente de marchandises.<\/p>\n\t\t<h3>Inspections<\/h3>\n\t\t\t\t<p>Nous analysons les besoins et la faisabilit\u00e9 avec le client, en proposant des solutions innovantes.<\/p>\n\t\t<h3>Logistique et transport<\/h3>\n\t\t\t\t<p>Nous g\u00e9rons enti\u00e8rement le stockage et l'exp\u00e9dition des marchandises en Italie et \u00e0 l'\u00e9tranger.<\/p>\n\t\t<h3>Conception<\/h3>\n\t\t\t\t<p>Nous produisons des prototypes et des \u00e9chantillons de produits pour v\u00e9rifier la conception et la fonctionnalit\u00e9.<\/p>\n\t\t<h3>Production<\/h3>\n\t\t\t\t<p>La production interne utilise des machines de haute pr\u00e9cision pour fournir un usinage de pointe.<\/p>\n<h4>\n\t\tSyst\u00e8mes modernes d'usinage des m\u00e9taux\n\t<\/h4>\n\t<h2>\n\t\t\t\tManpower &amp; Machinery,Leading manufacturers of roll containers, metal containers, fencing, construction nets and equipment for election propaganda, horticulture and wine caves,Toujours ax\u00e9 sur la technologie et l'innovation\n\t\t\t<\/h2>\n\t\t<p>Une flotte qui fonctionne en permanence<\/p>\t\n\t\t<h2>0%<\/h2>Machines \u00e0 poin\u00e7onner\n\t\t<h2>0%<\/h2>D\u00e9coupe au laser\n\t\t<h2>0%<\/h2>Presses et cintreuses\n\t\t<h2>0%<\/h2>Soudage\n\t\t<h2>0%<\/h2>Lignes automatiques\n\t\t<h2>0%<\/h2>Produits\n\t\t\t<h2>Top produits<\/h2>\n\t\t\t\t<p>Produttori leader di rollcontainer, contenitori metallici, transenne, reti da cantiere e attrezzature per la propaganda elettorale, l\u2019ortofloricoltura e cantine vinicole<\/p>\n<h4>\n\t\tDa sempre attenti alle tecnologie e all\u2019innovazione\n\t<\/h4>\n\t<h2>\n\t\t\t\tLa qualit\u00e9 \u00e0 un prix avantageux\n\t\t\t<\/h2>\n\t\t\t\t<img decoding=\"async\" src=\"https:\/\/www.fgbindustry.com\/wp-content\/uploads\/2019\/05\/features-4.png\" alt=\"caract\u00e9ristiques-4\" title=\"caract\u00e9ristiques-4\" itemprop=\"image\"\/>\n\t\t\t<h3>UN LARGE \u00c9VENTAIL DE PERSONNALISATIONS<\/h3>\t\t\t\n\t\t\t\t<p>Nous proposons <strong>des solutions sur mesure<\/strong> pour r\u00e9pondre aux exigences de chaque client, en analysant ensemble les besoins et la faisabilit\u00e9 de l'op\u00e9ration. <strong>la cr\u00e9ation de produits innovants et efficaces<\/strong>.<\/p>\n\t\t\t\t<img decoding=\"async\" src=\"https:\/\/www.fgbindustry.com\/wp-content\/uploads\/2019\/05\/features-3.png\" alt=\"caract\u00e9ristiques-3\" title=\"caract\u00e9ristiques-3\" itemprop=\"image\"\/>\n\t\t\t<h3>S\u00c9LECTION D'ACCESSOIRES ET DE PI\u00c8CES D\u00c9TACH\u00c9ES SUR MESURE<\/h3>\t\t\t\n\t\t\t\t<p><strong>Nous garantissons<\/strong> les <strong>disponibilit\u00e9<\/strong> d'un<strong>large gamme d'accessoires et de pi\u00e8ces d\u00e9tach\u00e9es<\/strong> sur mesure pour <strong>personnaliser<\/strong> et rendre votre produit unique.<\/p>\n\t\t\t\t<img decoding=\"async\" src=\"https:\/\/www.fgbindustry.com\/wp-content\/uploads\/2019\/05\/features-2.png\" alt=\"caract\u00e9ristiques-2\" title=\"caract\u00e9ristiques-2\" itemprop=\"image\"\/>\n\t\t\t<h3>SERVICE DE RECONDITIONNEMENT<\/h3>\t\t\t\n\t\t\t\t<p>Le service de <strong>reconditionnement<\/strong> \u00e0 la fois sur <strong>conteneurs roulants de notre propre production<\/strong> sur ces deux <strong>d\u00e9j\u00e0 utilis\u00e9s dans vos entrep\u00f4ts<\/strong> vous permettra d'avoir des conteneurs roulants comme neufs \u00e0 bas prix.<\/p>\n\t\t\t\t<img loading=\"lazy\" decoding=\"async\" src=\"https:\/\/www.fgbindustry.com\/wp-content\/uploads\/2019\/05\/stoccaggio_ult.jpg\" alt=\"r\u00e9sultat du stockage\" itemprop=\"image\" height=\"563\" width=\"609\" title=\"r\u00e9sultat du stockage\" onerror=\"this.style.display='none'\"  \/>\n<h4>\n\t\tContact\n\t<\/h4>\n\t\t\t<h2> Service client\u00e8le<\/h2><h4>Toujours \u00e0 votre disposition<\/h4>\n\t\t\t\t<p>Notre service client\u00e8le est \u00e0 votre disposition pour tout type d'information. Nous nous ferons un plaisir de r\u00e9pondre \u00e0 vos questions.<\/p>\n\t\t\t<h3>UN PERSONNEL HAUTEMENT QUALIFI\u00c9<\/h3>\n\t\t\t\t<p>Gr\u00e2ce \u00e0 une <strong>un personnel de professionnels qualifi\u00e9s<\/strong>notre entreprise est en mesure de r\u00e9pondre \u00e0 tous vos besoins. Vous serez accompagn\u00e9 dans vos choix ainsi que par le personnel de l'entreprise.<strong>l'assistance d'un personnel qualifi\u00e9<\/strong>\u00e9galement par une gamme de services qui vous apporteront un soutien continu de la part de la <strong>la conception et la fabrication de produits, les processus de finition, l'assemblage et le service d'assemblage<\/strong>de la peinture et de la galvanisation, jusqu'\u00e0 l'emballage et la livraison du produit par ses propres moyens.<\/p>\n\t\t\t<h3>SERVICE DE DEVIS GRATUIT<\/h3>\n\t\t\t\t<p>Nous proposons une <strong>service gratuit d'analyse et de devis<\/strong> \u00e0 tous nos clients en leur apportant notre savoir-faire : \u00e9laborer un dessin, faire une \u00e9valuation des co\u00fbts, r\u00e9fl\u00e9chir ensemble \u00e0 la meilleure fa\u00e7on de r\u00e9aliser un produit en fonction des besoins du client. Contactez-nous pour un devis gratuit ou \u00e9crivez \u00e0 notre service comp\u00e9tent.<\/p>\n\t\t\t<h3>NOUS SOMMES PR\u00c9SENTS SUR LES PLATEFORMES MEPA\/CONSIP<\/h3>\n\t\t\t\t<p>Vous trouverez le<strong>large gamme de nos produits sur la plateforme Mepa\/Consip<\/strong> avec des prix avantageux en tant que producteurs. <strong>Au service des administrations publiques depuis des ann\u00e9es<\/strong>nous offrons une assistance \u00e0 l'achat sur la plateforme gr\u00e2ce \u00e0 notre personnel qualifi\u00e9.<\/p>","protected":false},"excerpt":{"rendered":"<p>Qualit\u00e9 offerte Large gamme de produits et de services Nous vous suivons depuis l'analyse, le projet, jusqu'au produit fini pour vous garantir une large gamme de solutions logistiques et d'\u00e9quipements pour la manutention, le stockage et la vente de marchandises. Inspections Nous analysons les besoins et la faisabilit\u00e9 avec le client et proposons des solutions innovantes Logistique et transport Nous g\u00e9rons enti\u00e8rement le stockage des marchandises...<\/p>","protected":false},"author":1,"featured_media":0,"parent":0,"menu_order":0,"comment_status":"closed","ping_status":"open","template":"","meta":{"_acf_changed":false,"footnotes":""},"class_list":["post-2","page","type-page","status-publish","hentry"],"acf":[],"_links":{"self":[{"href":"https:\/\/www.fgbindustry.com\/fr\/wp-json\/wp\/v2\/pages\/2","targetHints":{"allow":["GET"]}}],"collection":[{"href":"https:\/\/www.fgbindustry.com\/fr\/wp-json\/wp\/v2\/pages"}],"about":[{"href":"https:\/\/www.fgbindustry.com\/fr\/wp-json\/wp\/v2\/types\/page"}],"author":[{"embeddable":true,"href":"https:\/\/www.fgbindustry.com\/fr\/wp-json\/wp\/v2\/users\/1"}],"replies":[{"embeddable":true,"href":"https:\/\/www.fgbindustry.com\/fr\/wp-json\/wp\/v2\/comments?post=2"}],"version-history":[{"count":0,"href":"https:\/\/www.fgbindustry.com\/fr\/wp-json\/wp\/v2\/pages\/2\/revisions"}],"wp:attachment":[{"href":"https:\/\/www.fgbindustry.com\/fr\/wp-json\/wp\/v2\/media?parent=2"}],"curies":[{"name":"wp","href":"https:\/\/api.w.org\/{rel}","templated":true}]}}