{"id":739,"date":"2019-12-04T18:15:33","date_gmt":"2019-12-04T17:15:33","guid":{"rendered":"http:\/\/fgb.devsrvr.net\/?post_type=product&#038;p=739"},"modified":"2021-02-08T18:11:55","modified_gmt":"2021-02-08T17:11:55","slug":"camp-bed-with-foam-mattress-and-storage-bag","status":"publish","type":"product","link":"https:\/\/www.fgbindustry.com\/en\/prodotto\/brandina-da-campo-con-materassino-espanso-e-sacca-di-contenimento\/","title":{"rendered":"CAMP BED WITH FOAM MATTRESS AND STORAGE BAG"},"content":{"rendered":"<p>The field cot with foam mattress is the ideal kit for military personnel to spend the night in comfort.  The cot is composed of polyester canvas and an aluminum frame that gives it both strength and lightness. The mattress is made of closed-cell cross-linked polyethylene foam, the top side is coated with reflective embossed aluminized while the bottom side with non-slip rubbery film.<br \/>\nThe cot and mattress kit, when folded, take up a minimal amount of space and are easily transportable thanks to the storage bag.<\/p>","protected":false},"excerpt":{"rendered":"<p>La brandina da campo con materassino espanso \u00e8 il kit ideale per il personale militare per trascorrere la notte in comodit\u00e0.\u00a0 La brandina \u00e8\u00a0composta tela in poliestere e da un telaio d&#8217;alluminio che conferisce contemporaneamente solidit\u00e0 e leggerezza. Il materassino \u00e8 realizzato con polietilene espanso a cellule chiuse reticolato, il lato superiore \u00e8 rivestito di&hellip;<\/p>","protected":false},"featured_media":740,"template":"","meta":{"_acf_changed":false},"product_brand":[],"product_cat":[30],"product_tag":[],"class_list":{"0":"post-739","1":"product","2":"type-product","3":"status-publish","4":"has-post-thumbnail","6":"product_cat-cabine-elettorali","8":"first","9":"instock","10":"shipping-taxable","11":"product-type-simple"},"acf":[],"_links":{"self":[{"href":"https:\/\/www.fgbindustry.com\/en\/wp-json\/wp\/v2\/product\/739","targetHints":{"allow":["GET"]}}],"collection":[{"href":"https:\/\/www.fgbindustry.com\/en\/wp-json\/wp\/v2\/product"}],"about":[{"href":"https:\/\/www.fgbindustry.com\/en\/wp-json\/wp\/v2\/types\/product"}],"wp:featuredmedia":[{"embeddable":true,"href":"https:\/\/www.fgbindustry.com\/en\/wp-json\/wp\/v2\/media\/740"}],"wp:attachment":[{"href":"https:\/\/www.fgbindustry.com\/en\/wp-json\/wp\/v2\/media?parent=739"}],"wp:term":[{"taxonomy":"product_brand","embeddable":true,"href":"https:\/\/www.fgbindustry.com\/en\/wp-json\/wp\/v2\/product_brand?post=739"},{"taxonomy":"product_cat","embeddable":true,"href":"https:\/\/www.fgbindustry.com\/en\/wp-json\/wp\/v2\/product_cat?post=739"},{"taxonomy":"product_tag","embeddable":true,"href":"https:\/\/www.fgbindustry.com\/en\/wp-json\/wp\/v2\/product_tag?post=739"}],"curies":[{"name":"wp","href":"https:\/\/api.w.org\/{rel}","templated":true}]}}