{"id":476,"date":"2019-05-30T12:07:08","date_gmt":"2019-05-30T10:07:08","guid":{"rendered":"http:\/\/fgb.devsrvr.net\/?post_type=product&#038;p=476"},"modified":"2026-03-03T17:11:24","modified_gmt":"2026-03-03T16:11:24","slug":"dust-cover","status":"publish","type":"product","link":"https:\/\/www.fgbindustry.com\/en\/prodotto\/riparapolvere\/","title":{"rendered":"DUST REMOVER"},"content":{"rendered":"<p>The polyester cover allows bottles to be protected from dust and weathering, eliminating the need for film. Machine washable and sanitizable, it can be used repeatedly. The cover is suitable for all types of wine bottle containers or baskets and has a special front opening with A4 document holder.<\/p>","protected":false},"excerpt":{"rendered":"<p>La copertura in poliestere permette di proteggere le bottiglie dalla polvere e dagli agenti atmosferici eliminando la necessit\u00e0 di utilizzare il film. Lavabile e sanificabile in lavatrice, pu\u00f2 essere utilizzata pi\u00f9 volte. La copertura \u00e8 adatta per tutte le tipologie di contenitori o ceste per bottiglie di vino ed \u00e8 dotata di apposita apertura frontale&hellip;<\/p>","protected":false},"featured_media":915,"template":"","meta":{"_acf_changed":false},"product_brand":[],"product_cat":[41],"product_tag":[],"class_list":{"0":"post-476","1":"product","2":"type-product","3":"status-publish","4":"has-post-thumbnail","6":"product_cat-contenitori-per-bottiglie-di-vino","8":"first","9":"instock","10":"shipping-taxable","11":"product-type-simple"},"acf":[],"_links":{"self":[{"href":"https:\/\/www.fgbindustry.com\/en\/wp-json\/wp\/v2\/product\/476","targetHints":{"allow":["GET"]}}],"collection":[{"href":"https:\/\/www.fgbindustry.com\/en\/wp-json\/wp\/v2\/product"}],"about":[{"href":"https:\/\/www.fgbindustry.com\/en\/wp-json\/wp\/v2\/types\/product"}],"wp:featuredmedia":[{"embeddable":true,"href":"https:\/\/www.fgbindustry.com\/en\/wp-json\/wp\/v2\/media\/915"}],"wp:attachment":[{"href":"https:\/\/www.fgbindustry.com\/en\/wp-json\/wp\/v2\/media?parent=476"}],"wp:term":[{"taxonomy":"product_brand","embeddable":true,"href":"https:\/\/www.fgbindustry.com\/en\/wp-json\/wp\/v2\/product_brand?post=476"},{"taxonomy":"product_cat","embeddable":true,"href":"https:\/\/www.fgbindustry.com\/en\/wp-json\/wp\/v2\/product_cat?post=476"},{"taxonomy":"product_tag","embeddable":true,"href":"https:\/\/www.fgbindustry.com\/en\/wp-json\/wp\/v2\/product_tag?post=476"}],"curies":[{"name":"wp","href":"https:\/\/api.w.org\/{rel}","templated":true}]}}