{"id":347,"date":"2019-05-30T09:43:57","date_gmt":"2019-05-30T07:43:57","guid":{"rendered":"http:\/\/fgb.devsrvr.net\/?post_type=product&#038;p=347"},"modified":"2021-03-04T12:06:03","modified_gmt":"2021-03-04T11:06:03","slug":"support-for-upside-down-t-post","status":"publish","type":"product","link":"https:\/\/www.fgbindustry.com\/en\/prodotto\/sostegno-per-piantana-a-t-rovescia\/","title":{"rendered":"SUPPORT FOR UPSIDE-DOWN T-POST"},"content":{"rendered":"<p>The T-Row Pole Support is the ideal election scoreboard anchoring system for turf and asphalt. Made of galvanized square steel tubing, it is prepared to accommodate the planter and has special holes for anchoring it to the ground. For greater stability and wind resistance, the use of the bracing kit consisting of a special tie rod and stake for ground anchoring is recommended.<\/p>","protected":false},"excerpt":{"rendered":"<p>Il Sostegno per Piantana a T-rovescia \u00e8 il sistema di ancoraggio del tabellone elettorale ideale per manto erboso e asfalto. Realizzato in tubolare quadro d\u2019acciaio zincato, \u00e8 predisposto per l&#8217;alloggiamento della piantana ed \u00e8 dotato di appositi fori per l&#8217;ancoraggio al suolo. Per una maggiore stabilit\u00e0 e resistenza al vento si consiglia l&#8217;utilizzo del kit&hellip;<\/p>","protected":false},"featured_media":2063,"template":"","meta":{"_acf_changed":false},"product_brand":[],"product_cat":[31],"product_tag":[],"class_list":{"0":"post-347","1":"product","2":"type-product","3":"status-publish","4":"has-post-thumbnail","6":"product_cat-tabelloni-elettorali-e-accessori","8":"first","9":"instock","10":"shipping-taxable","11":"product-type-simple"},"acf":[],"_links":{"self":[{"href":"https:\/\/www.fgbindustry.com\/en\/wp-json\/wp\/v2\/product\/347","targetHints":{"allow":["GET"]}}],"collection":[{"href":"https:\/\/www.fgbindustry.com\/en\/wp-json\/wp\/v2\/product"}],"about":[{"href":"https:\/\/www.fgbindustry.com\/en\/wp-json\/wp\/v2\/types\/product"}],"wp:featuredmedia":[{"embeddable":true,"href":"https:\/\/www.fgbindustry.com\/en\/wp-json\/wp\/v2\/media\/2063"}],"wp:attachment":[{"href":"https:\/\/www.fgbindustry.com\/en\/wp-json\/wp\/v2\/media?parent=347"}],"wp:term":[{"taxonomy":"product_brand","embeddable":true,"href":"https:\/\/www.fgbindustry.com\/en\/wp-json\/wp\/v2\/product_brand?post=347"},{"taxonomy":"product_cat","embeddable":true,"href":"https:\/\/www.fgbindustry.com\/en\/wp-json\/wp\/v2\/product_cat?post=347"},{"taxonomy":"product_tag","embeddable":true,"href":"https:\/\/www.fgbindustry.com\/en\/wp-json\/wp\/v2\/product_tag?post=347"}],"curies":[{"name":"wp","href":"https:\/\/api.w.org\/{rel}","templated":true}]}}