{"id":320,"date":"2019-05-29T18:56:12","date_gmt":"2019-05-29T16:56:12","guid":{"rendered":"http:\/\/fgb.devsrvr.net\/?post_type=product&#038;p=320"},"modified":"2021-02-08T17:48:18","modified_gmt":"2021-02-08T16:48:18","slug":"premium-multi-purpose-voting-booth","status":"publish","type":"product","link":"https:\/\/www.fgbindustry.com\/en\/prodotto\/cabina-elettorale-polivalente-premium\/","title":{"rendered":"PREMIUM MULTIPURPOSE VOTING BOOTH"},"content":{"rendered":"<p>The Premium Multi-purpose Polling Booth guarantees quality, robustness and rapid deployment in setting up the polling station.<br \/>\nIt consists of a square-section frame made of extruded aluminum and anthracite-colored polypropylene honeycomb panels inserted in special rails all around the perimeter. The sides are joined together by black-colored technopolymer hinges with a steel core for added strength and sturdiness, and at the lower and upper ends it has special plastic caps for protection and ground support.<br \/>\nThe booth is complete with a fireproof fabric curtain and a galvanized sheet metal writing tabletop that interlocks into the structure and can be positioned 100 cm from the ground and 80 cm to facilitate voting by people with disabilities.<br \/>\nAll components are interlockingly assembled without the use of screws and rivets, making set-up and disassembly operations extremely easy and fast. The booth features a lightweight construction and a special folding closure to minimize bulk and facilitate handling and storage, and includes a cardboard box to allow for accurate storage in storage.<br \/>\nAll polling booths can be equipped with a clamp spotlight to illuminate the interior area, an additional writing surface or a special surface for electronic voting, a numerical or handicap sticker, or with a municipal coat of arms.<\/p>","protected":false},"excerpt":{"rendered":"<p>La Cabina Elettorale Polivalente Premium garantisce qualit\u00e0, solidit\u00e0 e rapidit\u00e0 d\u2019impiego nell\u2019allestimento del seggio elettorale. E&#8217; formata da un telaio a sezione quadrangolare in estruso di alluminio e pannelli in polipropilene alveolare color antracite inseriti in apposite guide su tutto il perimetro. I lati sono uniti tra loro da cerniere in tecnopolimero di colore nero&hellip;<\/p>","protected":false},"featured_media":688,"template":"","meta":{"_acf_changed":false},"product_brand":[],"product_cat":[30],"product_tag":[],"class_list":{"0":"post-320","1":"product","2":"type-product","3":"status-publish","4":"has-post-thumbnail","6":"product_cat-cabine-elettorali","8":"first","9":"instock","10":"shipping-taxable","11":"product-type-simple"},"acf":[],"_links":{"self":[{"href":"https:\/\/www.fgbindustry.com\/en\/wp-json\/wp\/v2\/product\/320","targetHints":{"allow":["GET"]}}],"collection":[{"href":"https:\/\/www.fgbindustry.com\/en\/wp-json\/wp\/v2\/product"}],"about":[{"href":"https:\/\/www.fgbindustry.com\/en\/wp-json\/wp\/v2\/types\/product"}],"wp:featuredmedia":[{"embeddable":true,"href":"https:\/\/www.fgbindustry.com\/en\/wp-json\/wp\/v2\/media\/688"}],"wp:attachment":[{"href":"https:\/\/www.fgbindustry.com\/en\/wp-json\/wp\/v2\/media?parent=320"}],"wp:term":[{"taxonomy":"product_brand","embeddable":true,"href":"https:\/\/www.fgbindustry.com\/en\/wp-json\/wp\/v2\/product_brand?post=320"},{"taxonomy":"product_cat","embeddable":true,"href":"https:\/\/www.fgbindustry.com\/en\/wp-json\/wp\/v2\/product_cat?post=320"},{"taxonomy":"product_tag","embeddable":true,"href":"https:\/\/www.fgbindustry.com\/en\/wp-json\/wp\/v2\/product_tag?post=320"}],"curies":[{"name":"wp","href":"https:\/\/api.w.org\/{rel}","templated":true}]}}