{"id":295,"date":"2019-05-29T18:47:23","date_gmt":"2019-05-29T16:47:23","guid":{"rendered":"http:\/\/fgb.devsrvr.net\/?post_type=product&#038;p=295"},"modified":"2021-02-08T14:42:41","modified_gmt":"2021-02-08T13:42:41","slug":"steel-barrier","status":"publish","type":"product","link":"https:\/\/www.fgbindustry.com\/en\/prodotto\/transenna-in-acciao\/","title":{"rendered":"SMALL BARRIER"},"content":{"rendered":"<p>The small road barrier is the ideal solution for delimiting small areas. Lightweight and easy to handle, it ensures speed in installation and uninstallation operations. Despite its small size, the barrier is designed with a solid and strong structure made of 28 mm steel perimeter tube, 10 mm vertical rods and lowered and reinforced feet. It is equipped with a hook and loop on the side to allow several barriers to be joined together consecutively.<\/p>\n<p>Available treatments: electrolytic galvanizing, hot-dip galvanizing, powder coating<\/p>\n<p>Single-sided or double-sided reflective banding is available upon request to increase the visibility of demarcated areas.<\/p>","protected":false},"excerpt":{"rendered":"<p>La transenna stradale small \u00e8 la soluzione ideale per la delimitazione di piccole aree. Leggera e maneggevole assicura velocit\u00e0 nelle operazioni di installazione e disinstallazione. Nonostante le dimensioni ridotte, la transenna \u00e8 stata progettata con una struttura solida e resistente in tubo perimetrale d\u2019acciaio d.28 mm, tondini verticali d.10 mm e piedi ribassati e rinforzati.&hellip;<\/p>","protected":false},"featured_media":296,"template":"","meta":{"_acf_changed":false},"product_brand":[],"product_cat":[26],"product_tag":[],"class_list":{"0":"post-295","1":"product","2":"type-product","3":"status-publish","4":"has-post-thumbnail","6":"product_cat-transenne","8":"first","9":"instock","10":"shipping-taxable","11":"product-type-simple"},"acf":[],"_links":{"self":[{"href":"https:\/\/www.fgbindustry.com\/en\/wp-json\/wp\/v2\/product\/295","targetHints":{"allow":["GET"]}}],"collection":[{"href":"https:\/\/www.fgbindustry.com\/en\/wp-json\/wp\/v2\/product"}],"about":[{"href":"https:\/\/www.fgbindustry.com\/en\/wp-json\/wp\/v2\/types\/product"}],"wp:featuredmedia":[{"embeddable":true,"href":"https:\/\/www.fgbindustry.com\/en\/wp-json\/wp\/v2\/media\/296"}],"wp:attachment":[{"href":"https:\/\/www.fgbindustry.com\/en\/wp-json\/wp\/v2\/media?parent=295"}],"wp:term":[{"taxonomy":"product_brand","embeddable":true,"href":"https:\/\/www.fgbindustry.com\/en\/wp-json\/wp\/v2\/product_brand?post=295"},{"taxonomy":"product_cat","embeddable":true,"href":"https:\/\/www.fgbindustry.com\/en\/wp-json\/wp\/v2\/product_cat?post=295"},{"taxonomy":"product_tag","embeddable":true,"href":"https:\/\/www.fgbindustry.com\/en\/wp-json\/wp\/v2\/product_tag?post=295"}],"curies":[{"name":"wp","href":"https:\/\/api.w.org\/{rel}","templated":true}]}}