{"id":244,"date":"2019-05-29T18:06:08","date_gmt":"2019-05-29T16:06:08","guid":{"rendered":"http:\/\/fgb.devsrvr.net\/?post_type=product&#038;p=244"},"modified":"2020-03-05T16:19:46","modified_gmt":"2020-03-05T15:19:46","slug":"d100-white-polypropylene-wheel-with-fixed-support","status":"publish","type":"product","link":"https:\/\/www.fgbindustry.com\/en\/prodotto\/ruota-d100-in-polipropilene-bianco-con-supporto-fisso\/","title":{"rendered":"POLYPROPYLENE WHEEL WITH FIXED SUPPORT"},"content":{"rendered":"<p>White polypropylene wheel with a roller bearing hub assembled on a fixed galvanized steel support. This type of wheel is the most widely used on rollcontainers as it offers a very low thrust force and therefore makes the trolley to which it is applied particularly smooth. The pavements on which it can operate are mainly those of smooth and compact type without the presence of obstacles on the way.<\/p>\n<p>&nbsp;<\/p>","protected":false},"excerpt":{"rendered":"<p>Ruota in polipropilene bianco con mozzo su cuscinetto a rulli assemblata su supporto in acciaio zincato fisso. Questa tipologia di ruota \u00e8 la pi\u00f9 utilizzata sui rollcontainer in quanto offre una forza di spinta molto ridotta e pertanto rende il carrello a cui \u00e8 applicata particolarmente scorrevole. Le pavimentazioni sulle quali pu\u00f2 operare sono prevalentemente&hellip;<\/p>","protected":false},"featured_media":781,"template":"","meta":{"_acf_changed":false},"product_brand":[],"product_cat":[21,16,24],"product_tag":[],"class_list":{"0":"post-244","1":"product","2":"type-product","3":"status-publish","4":"has-post-thumbnail","6":"product_cat-accessori","7":"product_cat-rollcontainer","8":"product_cat-ruote","10":"first","11":"instock","12":"shipping-taxable","13":"purchasable","14":"product-type-variable"},"acf":[],"_links":{"self":[{"href":"https:\/\/www.fgbindustry.com\/en\/wp-json\/wp\/v2\/product\/244","targetHints":{"allow":["GET"]}}],"collection":[{"href":"https:\/\/www.fgbindustry.com\/en\/wp-json\/wp\/v2\/product"}],"about":[{"href":"https:\/\/www.fgbindustry.com\/en\/wp-json\/wp\/v2\/types\/product"}],"wp:featuredmedia":[{"embeddable":true,"href":"https:\/\/www.fgbindustry.com\/en\/wp-json\/wp\/v2\/media\/781"}],"wp:attachment":[{"href":"https:\/\/www.fgbindustry.com\/en\/wp-json\/wp\/v2\/media?parent=244"}],"wp:term":[{"taxonomy":"product_brand","embeddable":true,"href":"https:\/\/www.fgbindustry.com\/en\/wp-json\/wp\/v2\/product_brand?post=244"},{"taxonomy":"product_cat","embeddable":true,"href":"https:\/\/www.fgbindustry.com\/en\/wp-json\/wp\/v2\/product_cat?post=244"},{"taxonomy":"product_tag","embeddable":true,"href":"https:\/\/www.fgbindustry.com\/en\/wp-json\/wp\/v2\/product_tag?post=244"}],"curies":[{"name":"wp","href":"https:\/\/api.w.org\/{rel}","templated":true}]}}