{"id":28,"date":"2019-05-13T11:59:03","date_gmt":"2019-05-13T09:59:03","guid":{"rendered":"http:\/\/fgb.devsrvr.net\/?page_id=28"},"modified":"2020-05-25T11:56:16","modified_gmt":"2020-05-25T09:56:16","slug":"mission","status":"publish","type":"page","link":"https:\/\/www.fgbindustry.com\/en\/mission\/","title":{"rendered":"Mission"},"content":{"rendered":"<p><strong>FGB SRL<\/strong> is synonymous with <strong>quality<\/strong> and <strong>reliability<\/strong>.<\/p>\n<p>We aim to establish long-term partnerships with each customer, based on mutual respect and trust. We follow the customer from project analysis to the shipment of the finished product, ensuring assistance in the maintenance and reconditioning of their products.<\/p>\n<p>Our goal is to provide solutions of <strong>quality<\/strong>, <strong>versatile<\/strong> and from the <strong>custom design<\/strong>, which generate exceptional value for our customers through higher productivity and quality.<\/p>","protected":false},"excerpt":{"rendered":"<p>FGB SRL \u00e8 sinonimo di qualit\u00e0 ed affidabilit\u00e0. Puntiamo a stabilire collaborazioni di lungo termine con ciascun cliente, sulla base di rispetto e fiducia reciproci. Seguiamo il cliente dall\u2019analisi del progetto alla spedizione del prodotto finito, garantendo assistenza per la manutenzione e il ricondizionamento dei propri prodotti. Il nostro obiettivo \u00e8 fornire soluzioni di qualit\u00e0,&hellip;<\/p>","protected":false},"author":1,"featured_media":0,"parent":0,"menu_order":0,"comment_status":"closed","ping_status":"open","template":"","meta":{"_acf_changed":false,"footnotes":""},"class_list":["post-28","page","type-page","status-publish","hentry"],"acf":[],"_links":{"self":[{"href":"https:\/\/www.fgbindustry.com\/en\/wp-json\/wp\/v2\/pages\/28","targetHints":{"allow":["GET"]}}],"collection":[{"href":"https:\/\/www.fgbindustry.com\/en\/wp-json\/wp\/v2\/pages"}],"about":[{"href":"https:\/\/www.fgbindustry.com\/en\/wp-json\/wp\/v2\/types\/page"}],"author":[{"embeddable":true,"href":"https:\/\/www.fgbindustry.com\/en\/wp-json\/wp\/v2\/users\/1"}],"replies":[{"embeddable":true,"href":"https:\/\/www.fgbindustry.com\/en\/wp-json\/wp\/v2\/comments?post=28"}],"version-history":[{"count":0,"href":"https:\/\/www.fgbindustry.com\/en\/wp-json\/wp\/v2\/pages\/28\/revisions"}],"wp:attachment":[{"href":"https:\/\/www.fgbindustry.com\/en\/wp-json\/wp\/v2\/media?parent=28"}],"curies":[{"name":"wp","href":"https:\/\/api.w.org\/{rel}","templated":true}]}}